{"id":727,"date":"2022-10-19T10:22:40","date_gmt":"2022-10-19T08:22:40","guid":{"rendered":"http:\/\/localhost\/palais\/?page_id=727"},"modified":"2023-01-18T17:59:47","modified_gmt":"2023-01-18T16:59:47","slug":"glaces-a-emporter","status":"publish","type":"page","link":"https:\/\/palaisdethemis.fr\/www\/glaces-a-emporter\/","title":{"rendered":"Les ind\u00e9modables"},"content":{"rendered":"\n<div class=\"wp-block-columns is-layout-flex wp-container-core-columns-is-layout-9d6595d7 wp-block-columns-is-layout-flex\">\n<div class=\"wp-block-column is-layout-flow wp-block-column-is-layout-flow\">\n<figure class=\"wp-block-image size-large\"><img loading=\"lazy\" decoding=\"async\" width=\"1024\" height=\"481\" src=\"https:\/\/palaisdethemis.fr\/www\/wp-content\/uploads\/2022\/10\/berthillon-mauve-1-1024x481.png\" alt=\"\" class=\"wp-image-475\" srcset=\"https:\/\/palaisdethemis.fr\/www\/wp-content\/uploads\/2022\/10\/berthillon-mauve-1-1024x481.png 1024w, https:\/\/palaisdethemis.fr\/www\/wp-content\/uploads\/2022\/10\/berthillon-mauve-1-300x141.png 300w, https:\/\/palaisdethemis.fr\/www\/wp-content\/uploads\/2022\/10\/berthillon-mauve-1-768x361.png 768w, https:\/\/palaisdethemis.fr\/www\/wp-content\/uploads\/2022\/10\/berthillon-mauve-1.png 1206w\" sizes=\"auto, (max-width: 1024px) 100vw, 1024px\" \/><\/figure>\n<\/div>\n\n\n\n<div class=\"wp-block-column is-layout-flow wp-block-column-is-layout-flow\">\n<p>Coupes glac\u00e9es \u00e0 base de glaces de la<strong> Maison Berthillon<\/strong>, \u00e9labor\u00e9es \u00e0 partir de produits naturels (fruits, \u00e9pices ), \u0153ufs frais, lait entier, cr\u00e8me fra\u00eeche de premier choix. <\/p>\n\n\n\n<p>Nous utilisons des fruits et autres ingr\u00e9dients de tr\u00e8s grande qualit\u00e9 pour accompagner les boules de glaces exceptionnelles de la Maison Berthillon.<\/p>\n<\/div>\n<\/div>\n\n\n\n<p><\/p>\n\n\n\n\n<div class=\"erm_menu erm_menu-id-1171\"\n     id=\"erm_menu-id-1171\"\n>\n    \t<h1 class=\"erm_title\">Coupes Glac\u00e9es<\/h1>\n\t<div class=\"erm_desc\"><\/div>\n\t\n<div class=\"erm_menu_content\">\n\n    \n<div class=\"erm_product with_image\">\n\n    <a class=\"image-popup\" style=\"width: 140px;\" target=\"_blank\" href=\"https:\/\/palaisdethemis.fr\/www\/wp-content\/uploads\/2022\/11\/Coupe-Peche-Melba-2.jpg\" data-caption=\"\" data-desc=\"\">\n                <img decoding=\"async\" class=\"erm_product_image\" alt=\"\" src=\"https:\/\/palaisdethemis.fr\/www\/wp-content\/uploads\/2022\/11\/Coupe-Peche-Melba-2-300x161.jpg\">\n              <\/a>\n    <div class=\"erm_title_price_desc\">\n\n        <div class=\"erm_title_price\">\n            <h3 class=\"erm_product_title\">P\u00eache Melba<\/h3>\n            <div class=\"erm_product_price\">\n\t\n<\/div>\n        <\/div>\n\n        <div class=\"erm_product_desc\">\n    <p>Glace vanille, Sorbet p&ecirc;che, P&ecirc;che blanche enti&egrave;re, cr&egrave;me Chantilly, coulis de framboise, pistaches concass&eacute;es.<\/p><\/div>\n\n    <\/div>\n\n<\/div>\n\n\n\n<div class=\"erm_product with_image\">\n\n    <a class=\"image-popup\" style=\"width: 140px;\" target=\"_blank\" href=\"https:\/\/palaisdethemis.fr\/www\/wp-content\/uploads\/2022\/11\/Coupe-Poire-Belle-Helene-2.jpg\" data-caption=\"\" data-desc=\"\">\n                <img decoding=\"async\" class=\"erm_product_image\" alt=\"\" src=\"https:\/\/palaisdethemis.fr\/www\/wp-content\/uploads\/2022\/11\/Coupe-Poire-Belle-Helene-2-300x150.jpg\">\n              <\/a>\n    <div class=\"erm_title_price_desc\">\n\n        <div class=\"erm_title_price\">\n            <h3 class=\"erm_product_title\">Poire Belle-H\u00e9l\u00e8ne<\/h3>\n            <div class=\"erm_product_price\">\n\t\n<\/div>\n        <\/div>\n\n        <div class=\"erm_product_desc\">\n    <p>Glace vanille, Sorbet poire, Poire enti&egrave;re, cr&egrave;me Chantilly, sauce chocolat, amandes &eacute;ffil&eacute;es.<\/p>\n<\/div>\n\n    <\/div>\n\n<\/div>\n\n\n\n<div class=\"erm_product with_image\">\n\n    <a class=\"image-popup\" style=\"width: 140px;\" target=\"_blank\" href=\"https:\/\/palaisdethemis.fr\/www\/wp-content\/uploads\/2022\/11\/Coupe-de-glace-Banana-split-2.jpg\" data-caption=\"\" data-desc=\"\">\n                <img decoding=\"async\" class=\"erm_product_image\" alt=\"\" src=\"https:\/\/palaisdethemis.fr\/www\/wp-content\/uploads\/2022\/11\/Coupe-de-glace-Banana-split-2-300x162.jpg\">\n              <\/a>\n    <div class=\"erm_title_price_desc\">\n\n        <div class=\"erm_title_price\">\n            <h3 class=\"erm_product_title\">Banana Split<\/h3>\n            <div class=\"erm_product_price\">\n\t\n<\/div>\n        <\/div>\n\n        <div class=\"erm_product_desc\">\n    <p>Glace vanille, Glace chocolat, Glace fraise, Banane scind&eacute;e, cr&egrave;me Chantilly, coulis chocolat.<\/p>\n<\/div>\n\n    <\/div>\n\n<\/div>\n\n\n\n<\/div>\n\n<div class=\"erm_footer_desc\"><\/div>\n\n<\/div>\n\n","protected":false},"excerpt":{"rendered":"<p>Coupes glac\u00e9es \u00e0 base de glaces de la Maison Berthillon, \u00e9labor\u00e9es \u00e0 partir de produits naturels (fruits, \u00e9pices ), \u0153ufs frais, lait entier, cr\u00e8me fra\u00eeche de premier choix. Nous utilisons des fruits et autres ingr\u00e9dients de tr\u00e8s grande qualit\u00e9 pour accompagner les boules de glaces exceptionnelles de la Maison Berthillon.<\/p>\n","protected":false},"author":1,"featured_media":1442,"parent":0,"menu_order":0,"comment_status":"closed","ping_status":"closed","template":"","meta":{"pgc_sgb_lightbox_settings":"","footnotes":""},"class_list":["post-727","page","type-page","status-publish","has-post-thumbnail","hentry"],"_links":{"self":[{"href":"https:\/\/palaisdethemis.fr\/www\/wp-json\/wp\/v2\/pages\/727","targetHints":{"allow":["GET"]}}],"collection":[{"href":"https:\/\/palaisdethemis.fr\/www\/wp-json\/wp\/v2\/pages"}],"about":[{"href":"https:\/\/palaisdethemis.fr\/www\/wp-json\/wp\/v2\/types\/page"}],"author":[{"embeddable":true,"href":"https:\/\/palaisdethemis.fr\/www\/wp-json\/wp\/v2\/users\/1"}],"replies":[{"embeddable":true,"href":"https:\/\/palaisdethemis.fr\/www\/wp-json\/wp\/v2\/comments?post=727"}],"version-history":[{"count":12,"href":"https:\/\/palaisdethemis.fr\/www\/wp-json\/wp\/v2\/pages\/727\/revisions"}],"predecessor-version":[{"id":1744,"href":"https:\/\/palaisdethemis.fr\/www\/wp-json\/wp\/v2\/pages\/727\/revisions\/1744"}],"wp:featuredmedia":[{"embeddable":true,"href":"https:\/\/palaisdethemis.fr\/www\/wp-json\/wp\/v2\/media\/1442"}],"wp:attachment":[{"href":"https:\/\/palaisdethemis.fr\/www\/wp-json\/wp\/v2\/media?parent=727"}],"curies":[{"name":"wp","href":"https:\/\/api.w.org\/{rel}","templated":true}]}}