{"id":1658,"date":"2022-12-17T15:58:00","date_gmt":"2022-12-17T14:58:00","guid":{"rendered":"https:\/\/palaisdethemis.fr\/www\/?page_id=1658"},"modified":"2022-12-19T16:39:43","modified_gmt":"2022-12-19T15:39:43","slug":"nos-partenaires","status":"publish","type":"page","link":"https:\/\/palaisdethemis.fr\/www\/nos-partenaires\/","title":{"rendered":"Nos partenaires"},"content":{"rendered":"\n<div class=\"wp-block-media-text alignwide is-stacked-on-mobile\" style=\"grid-template-columns:43% auto\"><figure class=\"wp-block-media-text__media\"><img loading=\"lazy\" decoding=\"async\" width=\"1024\" height=\"481\" src=\"https:\/\/palaisdethemis.fr\/www\/wp-content\/uploads\/2022\/10\/berthillon-mauve-1-1024x481.png\" alt=\"\" class=\"wp-image-475 size-full\" srcset=\"https:\/\/palaisdethemis.fr\/www\/wp-content\/uploads\/2022\/10\/berthillon-mauve-1-1024x481.png 1024w, https:\/\/palaisdethemis.fr\/www\/wp-content\/uploads\/2022\/10\/berthillon-mauve-1-300x141.png 300w, https:\/\/palaisdethemis.fr\/www\/wp-content\/uploads\/2022\/10\/berthillon-mauve-1-768x361.png 768w, https:\/\/palaisdethemis.fr\/www\/wp-content\/uploads\/2022\/10\/berthillon-mauve-1.png 1206w\" sizes=\"auto, (max-width: 1024px) 100vw, 1024px\" \/><\/figure><div class=\"wp-block-media-text__content\">\n<figure class=\"wp-block-embed is-type-wp-embed is-provider-berthillon wp-block-embed-berthillon\"><div class=\"wp-block-embed__wrapper\">\n<blockquote class=\"wp-embedded-content\" data-secret=\"4Fn1A9qGRC\"><a href=\"https:\/\/berthillon.fr\/\">Accueil<\/a><\/blockquote><iframe loading=\"lazy\" class=\"wp-embedded-content\" sandbox=\"allow-scripts\" security=\"restricted\" style=\"position: absolute; clip: rect(1px, 1px, 1px, 1px);\" title=\"\u00ab\u00a0Accueil\u00a0\u00bb &#8212; Berthillon\" src=\"https:\/\/berthillon.fr\/embed\/#?secret=4Fn1A9qGRC\" data-secret=\"4Fn1A9qGRC\" width=\"600\" height=\"338\" frameborder=\"0\" marginwidth=\"0\" marginheight=\"0\" scrolling=\"no\"><\/iframe>\n<\/div><\/figure>\n<\/div><\/div>\n\n\n\n<div class=\"wp-block-media-text alignwide has-media-on-the-right is-stacked-on-mobile\" style=\"grid-template-columns:auto 24%\"><div class=\"wp-block-media-text__content\">\n<p><a href=\"https:\/\/www.librairiedeslois.com\/\">Librairie des Lois<\/a><\/p>\n<\/div><figure class=\"wp-block-media-text__media\"><img loading=\"lazy\" decoding=\"async\" width=\"163\" height=\"128\" src=\"https:\/\/palaisdethemis.fr\/www\/wp-content\/uploads\/2022\/12\/logo-librairie-des-lois_34914-bis.png\" alt=\"\" class=\"wp-image-1695 size-full\" srcset=\"https:\/\/palaisdethemis.fr\/www\/wp-content\/uploads\/2022\/12\/logo-librairie-des-lois_34914-bis.png 163w, https:\/\/palaisdethemis.fr\/www\/wp-content\/uploads\/2022\/12\/logo-librairie-des-lois_34914-bis-76x60.png 76w\" sizes=\"auto, (max-width: 163px) 100vw, 163px\" \/><\/figure><\/div>\n\n\n\n<div class=\"wp-block-media-text alignwide is-stacked-on-mobile\" style=\"grid-template-columns:43% auto\"><figure class=\"wp-block-media-text__media\"><img loading=\"lazy\" decoding=\"async\" width=\"956\" height=\"371\" src=\"https:\/\/palaisdethemis.fr\/www\/wp-content\/uploads\/2022\/12\/milliat.png\" alt=\"\" class=\"wp-image-1693 size-full\" srcset=\"https:\/\/palaisdethemis.fr\/www\/wp-content\/uploads\/2022\/12\/milliat.png 956w, https:\/\/palaisdethemis.fr\/www\/wp-content\/uploads\/2022\/12\/milliat-300x116.png 300w, https:\/\/palaisdethemis.fr\/www\/wp-content\/uploads\/2022\/12\/milliat-768x298.png 768w, https:\/\/palaisdethemis.fr\/www\/wp-content\/uploads\/2022\/12\/milliat-155x60.png 155w\" sizes=\"auto, (max-width: 956px) 100vw, 956px\" \/><\/figure><div class=\"wp-block-media-text__content\">\n<p><a href=\"https:\/\/alain-milliat.com\/\">Alain Milliat | Jus de fruits premium et nectars de d\u00e9gustation (alain-milliat.com)<\/a><\/p>\n<\/div><\/div>\n\n\n\n<div class=\"wp-block-media-text alignwide has-media-on-the-right is-stacked-on-mobile\" style=\"grid-template-columns:auto 41%\"><div class=\"wp-block-media-text__content\">\n<p><a href=\"https:\/\/www.nespresso.com\/fr\/fr\/\">Capsules de Caf\u00e9 &amp; Machines Espresso | Nespresso<\/a><\/p>\n<\/div><figure class=\"wp-block-media-text__media\"><img loading=\"lazy\" decoding=\"async\" width=\"1024\" height=\"576\" src=\"https:\/\/palaisdethemis.fr\/www\/wp-content\/uploads\/2022\/12\/Nespresso-Logo-1024x576.png\" alt=\"\" class=\"wp-image-1687 size-full\" srcset=\"https:\/\/palaisdethemis.fr\/www\/wp-content\/uploads\/2022\/12\/Nespresso-Logo-1024x576.png 1024w, https:\/\/palaisdethemis.fr\/www\/wp-content\/uploads\/2022\/12\/Nespresso-Logo-300x169.png 300w, https:\/\/palaisdethemis.fr\/www\/wp-content\/uploads\/2022\/12\/Nespresso-Logo-768x432.png 768w, https:\/\/palaisdethemis.fr\/www\/wp-content\/uploads\/2022\/12\/Nespresso-Logo-1536x864.png 1536w, https:\/\/palaisdethemis.fr\/www\/wp-content\/uploads\/2022\/12\/Nespresso-Logo-2048x1152.png 2048w, https:\/\/palaisdethemis.fr\/www\/wp-content\/uploads\/2022\/12\/Nespresso-Logo-107x60.png 107w\" sizes=\"auto, (max-width: 1024px) 100vw, 1024px\" \/><\/figure><\/div>\n\n\n\n<div class=\"wp-block-media-text alignwide is-stacked-on-mobile\" style=\"grid-template-columns:58% auto\"><figure class=\"wp-block-media-text__media\"><img loading=\"lazy\" decoding=\"async\" width=\"1024\" height=\"229\" src=\"https:\/\/palaisdethemis.fr\/www\/wp-content\/uploads\/2022\/12\/Ente-te-SaveursetHarmonie-V3-1024x229.webp\" alt=\"\" class=\"wp-image-1691 size-full\" srcset=\"https:\/\/palaisdethemis.fr\/www\/wp-content\/uploads\/2022\/12\/Ente-te-SaveursetHarmonie-V3-1024x229.webp 1024w, https:\/\/palaisdethemis.fr\/www\/wp-content\/uploads\/2022\/12\/Ente-te-SaveursetHarmonie-V3-300x67.webp 300w, https:\/\/palaisdethemis.fr\/www\/wp-content\/uploads\/2022\/12\/Ente-te-SaveursetHarmonie-V3-768x172.webp 768w, https:\/\/palaisdethemis.fr\/www\/wp-content\/uploads\/2022\/12\/Ente-te-SaveursetHarmonie-V3-268x60.webp 268w, https:\/\/palaisdethemis.fr\/www\/wp-content\/uploads\/2022\/12\/Ente-te-SaveursetHarmonie-V3.webp 1503w\" sizes=\"auto, (max-width: 1024px) 100vw, 1024px\" \/><\/figure><div class=\"wp-block-media-text__content\">\n<p><a href=\"https:\/\/www.saveursetharmonie.com\/\">Boutique de th\u00e9 ind\u00e9pendante de Toulouse &#8211; vente de th\u00e9 en ligne &#8211; achat de th\u00e9 (saveursetharmonie.com)<\/a><\/p>\n<\/div><\/div>\n","protected":false},"excerpt":{"rendered":"<p>Librairie des Lois Alain Milliat | Jus de fruits premium et nectars de d\u00e9gustation (alain-milliat.com) Capsules de Caf\u00e9 &amp; Machines Espresso | Nespresso Boutique de th\u00e9 ind\u00e9pendante de Toulouse &#8211; vente de th\u00e9 en ligne &#8211; achat de th\u00e9 (saveursetharmonie.com)<\/p>\n","protected":false},"author":1,"featured_media":0,"parent":0,"menu_order":0,"comment_status":"closed","ping_status":"closed","template":"","meta":{"pgc_sgb_lightbox_settings":"","footnotes":""},"class_list":["post-1658","page","type-page","status-publish","hentry"],"_links":{"self":[{"href":"https:\/\/palaisdethemis.fr\/www\/wp-json\/wp\/v2\/pages\/1658","targetHints":{"allow":["GET"]}}],"collection":[{"href":"https:\/\/palaisdethemis.fr\/www\/wp-json\/wp\/v2\/pages"}],"about":[{"href":"https:\/\/palaisdethemis.fr\/www\/wp-json\/wp\/v2\/types\/page"}],"author":[{"embeddable":true,"href":"https:\/\/palaisdethemis.fr\/www\/wp-json\/wp\/v2\/users\/1"}],"replies":[{"embeddable":true,"href":"https:\/\/palaisdethemis.fr\/www\/wp-json\/wp\/v2\/comments?post=1658"}],"version-history":[{"count":18,"href":"https:\/\/palaisdethemis.fr\/www\/wp-json\/wp\/v2\/pages\/1658\/revisions"}],"predecessor-version":[{"id":1697,"href":"https:\/\/palaisdethemis.fr\/www\/wp-json\/wp\/v2\/pages\/1658\/revisions\/1697"}],"wp:attachment":[{"href":"https:\/\/palaisdethemis.fr\/www\/wp-json\/wp\/v2\/media?parent=1658"}],"curies":[{"name":"wp","href":"https:\/\/api.w.org\/{rel}","templated":true}]}}